{"id":711,"date":"2025-05-27T18:41:46","date_gmt":"2025-05-27T18:41:46","guid":{"rendered":"https:\/\/cim.pet\/?page_id=711"},"modified":"2025-05-28T00:09:05","modified_gmt":"2025-05-28T00:09:05","slug":"visitante","status":"publish","type":"page","link":"https:\/\/cim.pet\/?page_id=711","title":{"rendered":"Visitante"},"content":{"rendered":"\t\t<div data-elementor-type=\"wp-page\" data-elementor-id=\"711\" class=\"elementor elementor-711\">\n\t\t\t\t<div class=\"elementor-element elementor-element-0f40be6 e-flex e-con-boxed e-con e-parent\" data-id=\"0f40be6\" data-element_type=\"container\" data-settings=\"{&quot;background_background&quot;:&quot;classic&quot;}\">\n\t\t\t\t\t<div class=\"e-con-inner\">\n\t\t<div class=\"elementor-element elementor-element-cab9d4e e-con-full e-flex e-con e-child\" data-id=\"cab9d4e\" data-element_type=\"container\">\n\t\t\t\t<div class=\"elementor-element elementor-element-72746e6 elementor-widget elementor-widget-heading\" data-id=\"72746e6\" data-element_type=\"widget\" data-widget_type=\"heading.default\">\n\t\t\t\t<div class=\"elementor-widget-container\">\n\t\t\t\t\t<h2 class=\"elementor-heading-title elementor-size-default\">\u00bfQue es el CIM?<\/h2>\t\t\t\t<\/div>\n\t\t\t\t<\/div>\n\t\t\t\t<div class=\"elementor-element elementor-element-098b224 elementor-widget elementor-widget-text-editor\" data-id=\"098b224\" data-element_type=\"widget\" data-widget_type=\"text-editor.default\">\n\t\t\t\t<div class=\"elementor-widget-container\">\n\t\t\t\t\t\t\t\t\t<p>CIM \u2013 Cumbre para la Industria de Mascotas es el primer evento en M\u00e9xico que re\u00fane en un solo d\u00eda a empresarios, directivos, marcas l\u00edderes, veterinarios, groomers, emprendedores y actores clave de la industria del cuidado, salud y bienestar animal.<\/p>\n<p><b>Fecha:<\/b> 17 de octubre de 2025<br><b>Sede:<\/b> Hotel Hilton Guadalajara Midtown<\/p>\n<p>\ud83d\udc49 Una experiencia de alto nivel enfocada en networking, conferencias especializadas, innovaci\u00f3n y conexiones de&nbsp;negocio&nbsp;reales.<\/p>\t\t\t\t\t\t\t\t<\/div>\n\t\t\t\t<\/div>\n\t\t\t\t<\/div>\n\t\t<div class=\"elementor-element elementor-element-e1c5ba4 e-con-full e-flex e-con e-child\" data-id=\"e1c5ba4\" data-element_type=\"container\">\n\t\t\t\t<div class=\"elementor-element elementor-element-7410d9d elementor-widget elementor-widget-image\" data-id=\"7410d9d\" data-element_type=\"widget\" data-widget_type=\"image.default\">\n\t\t\t\t<div class=\"elementor-widget-container\">\n\t\t\t\t\t\t\t\t\t\t\t\t\t\t\t<img fetchpriority=\"high\" decoding=\"async\" width=\"500\" height=\"600\" src=\"https:\/\/cim.pet\/wp-content\/uploads\/2025\/05\/carnes01.jpg\" class=\"attachment-large size-large wp-image-760\" alt=\"\" srcset=\"https:\/\/cim.pet\/wp-content\/uploads\/2025\/05\/carnes01.jpg 500w, https:\/\/cim.pet\/wp-content\/uploads\/2025\/05\/carnes01-250x300.jpg 250w\" sizes=\"(max-width: 500px) 100vw, 500px\" \/>\t\t\t\t\t\t\t\t\t\t\t\t\t\t\t<\/div>\n\t\t\t\t<\/div>\n\t\t\t\t<\/div>\n\t\t\t\t\t<\/div>\n\t\t\t\t<\/div>\n\t\t<div class=\"elementor-element elementor-element-0a39737 e-flex e-con-boxed e-con e-parent\" data-id=\"0a39737\" data-element_type=\"container\" data-settings=\"{&quot;background_background&quot;:&quot;classic&quot;}\">\n\t\t\t\t\t<div class=\"e-con-inner\">\n\t\t<div class=\"elementor-element elementor-element-92a32b1 e-con-full e-flex e-con e-child\" data-id=\"92a32b1\" data-element_type=\"container\">\n\t\t\t\t<div class=\"elementor-element elementor-element-1a4bdd0 elementor-view-default elementor-widget elementor-widget-icon\" data-id=\"1a4bdd0\" data-element_type=\"widget\" data-widget_type=\"icon.default\">\n\t\t\t\t<div class=\"elementor-widget-container\">\n\t\t\t\t\t\t\t<div class=\"elementor-icon-wrapper\">\n\t\t\t<div class=\"elementor-icon\">\n\t\t\t<svg aria-hidden=\"true\" class=\"e-font-icon-svg e-fas-magic\" viewBox=\"0 0 512 512\" xmlns=\"http:\/\/www.w3.org\/2000\/svg\"><path d=\"M224 96l16-32 32-16-32-16-16-32-16 32-32 16 32 16 16 32zM80 160l26.66-53.33L160 80l-53.34-26.67L80 0 53.34 53.33 0 80l53.34 26.67L80 160zm352 128l-26.66 53.33L352 368l53.34 26.67L432 448l26.66-53.33L512 368l-53.34-26.67L432 288zm70.62-193.77L417.77 9.38C411.53 3.12 403.34 0 395.15 0c-8.19 0-16.38 3.12-22.63 9.38L9.38 372.52c-12.5 12.5-12.5 32.76 0 45.25l84.85 84.85c6.25 6.25 14.44 9.37 22.62 9.37 8.19 0 16.38-3.12 22.63-9.37l363.14-363.15c12.5-12.48 12.5-32.75 0-45.24zM359.45 203.46l-50.91-50.91 86.6-86.6 50.91 50.91-86.6 86.6z\"><\/path><\/svg>\t\t\t<\/div>\n\t\t<\/div>\n\t\t\t\t\t\t<\/div>\n\t\t\t\t<\/div>\n\t\t\t\t<div class=\"elementor-element elementor-element-8cbe3a0 elementor-widget elementor-widget-heading\" data-id=\"8cbe3a0\" data-element_type=\"widget\" data-widget_type=\"heading.default\">\n\t\t\t\t<div class=\"elementor-widget-container\">\n\t\t\t\t\t<h2 class=\"elementor-heading-title elementor-size-default\">\u00bfPor qu\u00e9 asistir?<\/h2>\t\t\t\t<\/div>\n\t\t\t\t<\/div>\n\t\t\t\t<div class=\"elementor-element elementor-element-33183f4 elementor-widget elementor-widget-text-editor\" data-id=\"33183f4\" data-element_type=\"widget\" data-widget_type=\"text-editor.default\">\n\t\t\t\t<div class=\"elementor-widget-container\">\n\t\t\t\t\t\t\t\t\t<ul>\n<li><span style=\"color: #ffffff;\">Conecta con l\u00edderes de la industria pet.<\/span><\/li>\n<li><span style=\"color: #ffffff;\">Insp\u00edrate con conferencias de alto valor.<\/span><\/li>\n<li><span style=\"color: #ffffff;\">Genera alianzas estrat\u00e9gicas para tu negocio.<\/span><\/li>\n<li><span style=\"color: #ffffff;\">Explora tendencias globales del sector.<\/span><\/li>\n<li><span style=\"color: #ffffff;\">Accede a oportunidades de inversi\u00f3n.<\/span><\/li>\n<li><span style=\"color: #ffffff;\">Convi\u00e9rtete en protagonista de la evoluci\u00f3n de la industria.<\/span><\/li>\n<\/ul>\t\t\t\t\t\t\t\t<\/div>\n\t\t\t\t<\/div>\n\t\t\t\t<div class=\"elementor-element elementor-element-2cb3e12 elementor-align-center elementor-widget elementor-widget-button\" data-id=\"2cb3e12\" data-element_type=\"widget\" data-widget_type=\"button.default\">\n\t\t\t\t<div class=\"elementor-widget-container\">\n\t\t\t\t\t\t\t\t\t<div class=\"elementor-button-wrapper\">\n\t\t\t\t\t<a class=\"elementor-button elementor-button-link elementor-size-sm\" href=\"https:\/\/ticketland.mx\/cumbredelaindustriaparamascotas\">\n\t\t\t\t\t\t<span class=\"elementor-button-content-wrapper\">\n\t\t\t\t\t\t\t\t\t<span class=\"elementor-button-text\">Comprar Accesos<\/span>\n\t\t\t\t\t<\/span>\n\t\t\t\t\t<\/a>\n\t\t\t\t<\/div>\n\t\t\t\t\t\t\t\t<\/div>\n\t\t\t\t<\/div>\n\t\t\t\t<\/div>\n\t\t<div class=\"elementor-element elementor-element-e01069f e-con-full e-flex e-con e-child\" data-id=\"e01069f\" data-element_type=\"container\">\n\t\t\t\t<div class=\"elementor-element elementor-element-e5910c5 elementor-widget elementor-widget-image\" data-id=\"e5910c5\" data-element_type=\"widget\" data-widget_type=\"image.default\">\n\t\t\t\t<div class=\"elementor-widget-container\">\n\t\t\t\t\t\t\t\t\t\t\t\t\t\t\t<img decoding=\"async\" width=\"739\" height=\"722\" src=\"https:\/\/cim.pet\/wp-content\/uploads\/2025\/05\/BANNER_CIM_PORQUE.png\" class=\"attachment-large size-large wp-image-738\" alt=\"\" srcset=\"https:\/\/cim.pet\/wp-content\/uploads\/2025\/05\/BANNER_CIM_PORQUE.png 739w, https:\/\/cim.pet\/wp-content\/uploads\/2025\/05\/BANNER_CIM_PORQUE-300x293.png 300w\" sizes=\"(max-width: 739px) 100vw, 739px\" \/>\t\t\t\t\t\t\t\t\t\t\t\t\t\t\t<\/div>\n\t\t\t\t<\/div>\n\t\t\t\t<\/div>\n\t\t\t\t\t<\/div>\n\t\t\t\t<\/div>\n\t\t\t\t<\/div>\n\t\t","protected":false},"excerpt":{"rendered":"<p>\u00bfQue es el CIM? CIM \u2013 Cumbre para la Industria de Mascotas es el primer evento en M\u00e9xico que re\u00fane en un solo d\u00eda a empresarios, directivos, marcas l\u00edderes, veterinarios, groomers, emprendedores y actores clave de la industria del cuidado, salud y bienestar animal. Fecha: 17 de octubre de 2025Sede: Hotel Hilton Guadalajara Midtown \ud83d\udc49 [&hellip;]<\/p>\n","protected":false},"author":1,"featured_media":0,"parent":0,"menu_order":0,"comment_status":"closed","ping_status":"closed","template":"","meta":{"footnotes":""},"class_list":["post-711","page","type-page","status-publish","hentry"],"blocksy_meta":[],"_links":{"self":[{"href":"https:\/\/cim.pet\/index.php?rest_route=\/wp\/v2\/pages\/711","targetHints":{"allow":["GET"]}}],"collection":[{"href":"https:\/\/cim.pet\/index.php?rest_route=\/wp\/v2\/pages"}],"about":[{"href":"https:\/\/cim.pet\/index.php?rest_route=\/wp\/v2\/types\/page"}],"author":[{"embeddable":true,"href":"https:\/\/cim.pet\/index.php?rest_route=\/wp\/v2\/users\/1"}],"replies":[{"embeddable":true,"href":"https:\/\/cim.pet\/index.php?rest_route=%2Fwp%2Fv2%2Fcomments&post=711"}],"version-history":[{"count":37,"href":"https:\/\/cim.pet\/index.php?rest_route=\/wp\/v2\/pages\/711\/revisions"}],"predecessor-version":[{"id":763,"href":"https:\/\/cim.pet\/index.php?rest_route=\/wp\/v2\/pages\/711\/revisions\/763"}],"wp:attachment":[{"href":"https:\/\/cim.pet\/index.php?rest_route=%2Fwp%2Fv2%2Fmedia&parent=711"}],"curies":[{"name":"wp","href":"https:\/\/api.w.org\/{rel}","templated":true}]}}